{"id":70,"date":"2020-11-03T00:19:32","date_gmt":"2020-11-03T00:19:32","guid":{"rendered":"https:\/\/demoone.webicentrum.co\/?page_id=70"},"modified":"2026-03-16T09:05:21","modified_gmt":"2026-03-16T09:05:21","slug":"home","status":"publish","type":"page","link":"https:\/\/mabeusz.hu\/en\/","title":{"rendered":"F\u0151oldal"},"content":{"rendered":"\n<p class=\"has-text-align-center webi-subt\">A\u00a0MABEUSZ\u00a0a magyar beutaztat\u00f3k\u00a0f\u00fcggetlen\u00a0\u00e9s semleges \u00e9rdekk\u00e9pviselete, mely lehet\u0151s\u00e9get ny\u00fajt arra, hogy k\u00f6z\u00f6sen gondolkodva, egy\u00fctt alak\u00edtsuk ki a beutaztat\u00f3 szakma j\u00f6v\u0151j\u00e9t.<\/p>\n\n\n\n<div style=\"height:51px\" aria-hidden=\"true\" class=\"wp-block-spacer\"><\/div>\n\n\n\n<h2 class=\"wp-block-heading webi-h2\"><a href=\"\/rolunk\/tagok\" data-type=\"URL\" data-id=\"\/rolunk\/tagok\">Tagjaink<\/a><\/h2>\n\n\n\n<figure class=\"wp-block-gallery columns-6\">\n    <ul class=\"blocks-gallery-grid\">\n        <li class=\"blocks-gallery-item\">\n            <figure>\n                <a href=\"https:\/\/www.aimgroupinternational.com\/\" target=\"_blank\" rel=\"noopener noreferrer\">\n                    <img decoding=\"async\" src=\"http:\/\/mabeusz.hu\/wp-content\/uploads\/2026\/03\/LOGO_AIMNETWORK_RGB_HUNGARY_POS.png\" alt=\"\" class=\"wp-image-81\">\n                <\/a>\n            <\/figure>\n        <\/li>\n              <li class=\"blocks-gallery-item\">\n            <figure>\n                <a href=\"http:\/\/aktivtours.hu\/\" target=\"_blank\" rel=\"noopener noreferrer\">\n                    <img fetchpriority=\"high\" decoding=\"async\" width=\"1024\" height=\"505\" src=\"http:\/\/localhost\/mabeus\/wp-content\/uploads\/2020\/11\/AktivTours_logo-1024x505.jpg\" alt=\"\" data-id=\"73\" data-full-url=\"http:\/\/localhost\/mabeus\/wp-content\/uploads\/2020\/11\/AktivTours_logo.jpg\" data-link=\"http:\/\/localhost\/mabeus\/aktivtours_logo\/\" class=\"wp-image-73\" srcset=\"https:\/\/mabeusz.hu\/wp-content\/uploads\/2020\/11\/AktivTours_logo-1024x505.jpg 1024w, https:\/\/mabeusz.hu\/wp-content\/uploads\/2020\/11\/AktivTours_logo-300x148.jpg 300w, https:\/\/mabeusz.hu\/wp-content\/uploads\/2020\/11\/AktivTours_logo-768x379.jpg 768w, https:\/\/mabeusz.hu\/wp-content\/uploads\/2020\/11\/AktivTours_logo-1536x758.jpg 1536w, https:\/\/mabeusz.hu\/wp-content\/uploads\/2020\/11\/AktivTours_logo.jpg 1842w\" sizes=\"(max-width: 1024px) 100vw, 1024px\" \/>\n                <\/a>\n            <\/figure>\n        <\/li>\n        <li class=\"blocks-gallery-item\">\n            <figure>\n                <a href=\"http:\/\/budatours.hu\/\" target=\"_blank\" rel=\"noopener noreferrer\">\n                    <img decoding=\"async\" src=\"http:\/\/mabeusz.hu\/wp-content\/uploads\/2021\/01\/budatours.png\" alt=\"\" data-id=\"73\" data-full-url=\"http:\/\/localhost\/mabeus\/wp-content\/uploads\/2020\/11\/AktivTours_logo.jpg\" data-link=\"http:\/\/localhost\/mabeus\/aktivtours_logo\/\" class=\"wp-image-73\">\n                <\/a>\n            <\/figure>\n        <\/li>\n        <li class=\"blocks-gallery-item\">\n            <figure>\n                <a href=\"https:\/\/contacttours.hu\/\" target=\"_blank\" rel=\"noopener noreferrer\">\n                    <img decoding=\"async\" width=\"473\" height=\"215\" src=\"http:\/\/localhost\/mabeus\/wp-content\/uploads\/2020\/11\/Contact-Travel.jpg\" alt=\"\" data-id=\"74\" data-full-url=\"http:\/\/localhost\/mabeus\/wp-content\/uploads\/2020\/11\/Contact-Travel.jpg\" data-link=\"http:\/\/localhost\/mabeus\/contact-travel\/\" class=\"wp-image-74\" srcset=\"https:\/\/mabeusz.hu\/wp-content\/uploads\/2020\/11\/Contact-Travel.jpg 473w, https:\/\/mabeusz.hu\/wp-content\/uploads\/2020\/11\/Contact-Travel-300x136.jpg 300w\" sizes=\"(max-width: 473px) 100vw, 473px\" \/>\n                <\/a>\n            <\/figure>\n        <\/li>\n        <li class=\"blocks-gallery-item\">\n            <figure>\n                <a href=\"https:\/\/continentaltravel.hu\/\" target=\"_blank\" rel=\"noopener noreferrer\">\n                    <img decoding=\"async\" width=\"1024\" height=\"505\" src=\"http:\/\/localhost\/mabeus\/wp-content\/uploads\/2020\/11\/Continental-Travel-LOGO-original-1024x505.jpg\" alt=\"\" data-id=\"75\" data-full-url=\"http:\/\/localhost\/mabeus\/wp-content\/uploads\/2020\/11\/Continental-Travel-LOGO-original-scaled.jpg\" data-link=\"http:\/\/localhost\/mabeus\/continentaltravel_logo-01\/\" class=\"wp-image-75\" srcset=\"https:\/\/mabeusz.hu\/wp-content\/uploads\/2020\/11\/Continental-Travel-LOGO-original-1024x505.jpg 1024w, https:\/\/mabeusz.hu\/wp-content\/uploads\/2020\/11\/Continental-Travel-LOGO-original-300x148.jpg 300w, https:\/\/mabeusz.hu\/wp-content\/uploads\/2020\/11\/Continental-Travel-LOGO-original-768x379.jpg 768w, https:\/\/mabeusz.hu\/wp-content\/uploads\/2020\/11\/Continental-Travel-LOGO-original-1536x757.jpg 1536w, https:\/\/mabeusz.hu\/wp-content\/uploads\/2020\/11\/Continental-Travel-LOGO-original-2048x1010.jpg 2048w\" sizes=\"(max-width: 1024px) 100vw, 1024px\" \/>\n                <\/a>\n            <\/figure>\n        <\/li>\n        <li class=\"blocks-gallery-item\">\n            <figure>\n                <a href=\"https:\/\/cosmos.hu\/\" target=\"_blank\" rel=\"noopener noreferrer\">\n                    <img loading=\"lazy\" decoding=\"async\" width=\"1024\" height=\"1024\" src=\"http:\/\/localhost\/mabeus\/wp-content\/uploads\/2020\/11\/cosmos-logo-color-square-1024x1024.jpg\" alt=\"\" data-id=\"76\" data-full-url=\"http:\/\/localhost\/mabeus\/wp-content\/uploads\/2020\/11\/cosmos-logo-color-square-scaled.jpg\" data-link=\"http:\/\/localhost\/mabeus\/cosmos-logo-color-square\/\" class=\"wp-image-76\" srcset=\"https:\/\/mabeusz.hu\/wp-content\/uploads\/2020\/11\/cosmos-logo-color-square-1024x1024.jpg 1024w, https:\/\/mabeusz.hu\/wp-content\/uploads\/2020\/11\/cosmos-logo-color-square-300x300.jpg 300w, https:\/\/mabeusz.hu\/wp-content\/uploads\/2020\/11\/cosmos-logo-color-square-150x150.jpg 150w, https:\/\/mabeusz.hu\/wp-content\/uploads\/2020\/11\/cosmos-logo-color-square-768x768.jpg 768w, https:\/\/mabeusz.hu\/wp-content\/uploads\/2020\/11\/cosmos-logo-color-square-1536x1536.jpg 1536w, https:\/\/mabeusz.hu\/wp-content\/uploads\/2020\/11\/cosmos-logo-color-square-2048x2048.jpg 2048w\" sizes=\"(max-width: 1024px) 100vw, 1024px\" \/>\n                <\/a>\n            <\/figure>\n        <\/li>\n        <li class=\"blocks-gallery-item\">\n            <figure>\n                <a href=\"https:\/\/dynamictours.hu\/\" target=\"_blank\" rel=\"noopener noreferrer\">\n                    <img loading=\"lazy\" decoding=\"async\" width=\"1024\" height=\"256\" src=\"http:\/\/localhost\/mabeus\/wp-content\/uploads\/2020\/11\/Dynamic-Tours-Logo-uj-9-2500x625-1-1024x256.png\" alt=\"\" data-id=\"77\" data-full-url=\"http:\/\/localhost\/mabeus\/wp-content\/uploads\/2020\/11\/Dynamic-Tours-Logo-uj-9-2500x625-1.png\" data-link=\"http:\/\/localhost\/mabeus\/dynamic-tours-logo-uj-9-2500x625\/\" class=\"wp-image-77\" srcset=\"https:\/\/mabeusz.hu\/wp-content\/uploads\/2020\/11\/Dynamic-Tours-Logo-uj-9-2500x625-1-1024x256.png 1024w, https:\/\/mabeusz.hu\/wp-content\/uploads\/2020\/11\/Dynamic-Tours-Logo-uj-9-2500x625-1-300x75.png 300w, https:\/\/mabeusz.hu\/wp-content\/uploads\/2020\/11\/Dynamic-Tours-Logo-uj-9-2500x625-1-768x192.png 768w, https:\/\/mabeusz.hu\/wp-content\/uploads\/2020\/11\/Dynamic-Tours-Logo-uj-9-2500x625-1-1536x384.png 1536w, https:\/\/mabeusz.hu\/wp-content\/uploads\/2020\/11\/Dynamic-Tours-Logo-uj-9-2500x625-1-2048x512.png 2048w\" sizes=\"(max-width: 1024px) 100vw, 1024px\" \/>\n                <\/a>\n            <\/figure>\n        <\/li>\n        <li class=\"blocks-gallery-item\">\n            <figure>\n                <a href=\"http:\/\/www.eetstravel.com\/\" target=\"_blank\" rel=\"noopener noreferrer\">\n                    <img loading=\"lazy\" decoding=\"async\" width=\"1024\" height=\"898\" src=\"http:\/\/localhost\/mabeus\/wp-content\/uploads\/2020\/11\/final-1024x898.png\" alt=\"\" data-id=\"78\" data-full-url=\"http:\/\/localhost\/mabeus\/wp-content\/uploads\/2020\/11\/final.png\" data-link=\"http:\/\/localhost\/mabeus\/final\/\" class=\"wp-image-78\" srcset=\"https:\/\/mabeusz.hu\/wp-content\/uploads\/2020\/11\/final-1024x898.png 1024w, https:\/\/mabeusz.hu\/wp-content\/uploads\/2020\/11\/final-300x263.png 300w, https:\/\/mabeusz.hu\/wp-content\/uploads\/2020\/11\/final-768x673.png 768w, https:\/\/mabeusz.hu\/wp-content\/uploads\/2020\/11\/final.png 1518w\" sizes=\"(max-width: 1024px) 100vw, 1024px\" \/>\n                <\/a>\n            <\/figure>\n        <\/li>\n        <li class=\"blocks-gallery-item\">\n            <figure>\n                <a href=\"https:\/\/heed.hu\/\" target=\"_blank\" rel=\"noopener noreferrer\">\n                    <img decoding=\"async\" src=\"http:\/\/mabeusz.hu\/wp-content\/uploads\/2023\/09\/Heed_Main_Logo_RGB_black.png\" alt=\"\" data-id=\"78\" data-full-url=\"http:\/\/mabeusz.hu\/wp-content\/uploads\/2023\/09\/Heed_Main_Logo_RGB_black.png\" data-link=\"http:\/\/localhost\/mabeus\/final\/\" class=\"wp-image-78\">\n                <\/a>\n            <\/figure>\n        <\/li>\n        <li class=\"blocks-gallery-item\">\n            <figure>\n                <a href=\"http:\/\/www.ims-vienna.com\/\" target=\"_blank\" rel=\"noopener noreferrer\">\n                    <img loading=\"lazy\" decoding=\"async\" width=\"534\" height=\"298\" src=\"http:\/\/localhost\/mabeus\/wp-content\/uploads\/2020\/11\/IMSLogo-high-resolution.jpg\" alt=\"\" data-id=\"79\" data-full-url=\"http:\/\/localhost\/mabeus\/wp-content\/uploads\/2020\/11\/IMSLogo-high-resolution.jpg\" data-link=\"http:\/\/localhost\/mabeus\/imslogo-high-resolution\/\" class=\"wp-image-79\" srcset=\"https:\/\/mabeusz.hu\/wp-content\/uploads\/2020\/11\/IMSLogo-high-resolution.jpg 534w, https:\/\/mabeusz.hu\/wp-content\/uploads\/2020\/11\/IMSLogo-high-resolution-300x167.jpg 300w\" sizes=\"(max-width: 534px) 100vw, 534px\" \/>\n                <\/a>\n            <\/figure>\n        <\/li>\n        <li class=\"blocks-gallery-item\">\n            <figure>\n                <a href=\"http:\/\/www.inspirationtravel.hu\" target=\"_blank\" rel=\"noopener noreferrer\">\n                    <img decoding=\"async\" src=\"\/wp-content\/uploads\/2021\/01\/Inspiration-Travel-logo-CMYK.jpg\" alt=\"\" data-id=\"79\" data-full-url=\"http:\/\/localhost\/mabeus\/wp-content\/uploads\/2020\/11\/IMSLogo-high-resolution.jpg\" data-link=\"http:\/\/localhost\/mabeus\/imslogo-high-resolution\/\" class=\"wp-image-79\">\n                <\/a>\n            <\/figure>\n        <\/li>\n        <li class=\"blocks-gallery-item\">\n            <figure>\n                <a href=\"http:\/\/www.microcosmos.hu\/\" target=\"_blank\" rel=\"noopener noreferrer\">\n                    <img decoding=\"async\" src=\"http:\/\/mabeusz.hu\/wp-content\/uploads\/2024\/04\/logo22_final_navy2.jpg\" alt=\"\" data-id=\"84\" data-full-url=\"http:\/\/mabeusz.hu\/wp-content\/uploads\/2021\/12\/microcosmos-logo.jpg\" data-link=\"http:\/\/localhost\/mabeus\/microcosmos_finale\/\" class=\"wp-image-84\">\n                <\/a>\n            <\/figure>\n        <\/li>\n        <li class=\"blocks-gallery-item\">\n            <figure>\n                <a href=\"https:\/\/www.miki.co.uk\/\" target=\"_blank\" rel=\"noopener noreferrer\">\n                    <img decoding=\"async\" src=\"\/wp-content\/uploads\/2020\/12\/MikiLOGO2_LEHOCZKI-AGI-FELE.jpg\" alt=\"\" data-id=\"80\" data-full-url=\"http:\/\/localhost\/mabeus\/wp-content\/uploads\/2020\/11\/motivation-logo_OK-01.jpg\" data-link=\"http:\/\/localhost\/mabeus\/motivation-logo_ok-01\/\" class=\"wp-image-80\">\n                <\/a>\n            <\/figure>\n        <\/li>\n        <li class=\"blocks-gallery-item\">\n            <figure>\n                <a href=\"https:\/\/mondial-travel.com\/\" target=\"_blank\" rel=\"noopener noreferrer\">\n                    <img decoding=\"async\" src=\"\/wp-content\/uploads\/2021\/01\/Mondial-Destination-Management-Logo-scaled.jpg\" alt=\"\" data-id=\"80\" data-full-url=\"http:\/\/localhost\/mabeus\/wp-content\/uploads\/2020\/11\/motivation-logo_OK-01.jpg\" data-link=\"http:\/\/localhost\/mabeus\/motivation-logo_ok-01\/\" class=\"wp-image-80\">\n                <\/a>\n            <\/figure>\n        <\/li>\n        <li class=\"blocks-gallery-item\">\n            <figure>\n                <a href=\"http:\/\/motivation.hu\/\" target=\"_blank\" rel=\"noopener noreferrer\">\n                    <img loading=\"lazy\" decoding=\"async\" width=\"842\" height=\"128\" src=\"http:\/\/localhost\/mabeus\/wp-content\/uploads\/2020\/11\/motivation-logo_OK-01.jpg\" alt=\"\" data-id=\"80\" data-full-url=\"http:\/\/localhost\/mabeus\/wp-content\/uploads\/2020\/11\/motivation-logo_OK-01.jpg\" data-link=\"http:\/\/localhost\/mabeus\/motivation-logo_ok-01\/\" class=\"wp-image-80\" srcset=\"https:\/\/mabeusz.hu\/wp-content\/uploads\/2020\/11\/motivation-logo_OK-01.jpg 842w, https:\/\/mabeusz.hu\/wp-content\/uploads\/2020\/11\/motivation-logo_OK-01-300x46.jpg 300w, https:\/\/mabeusz.hu\/wp-content\/uploads\/2020\/11\/motivation-logo_OK-01-768x117.jpg 768w\" sizes=\"(max-width: 842px) 100vw, 842px\" \/>\n                <\/a>\n            <\/figure>\n        <\/li>\n        <li class=\"blocks-gallery-item\">\n            <figure>\n                <a href=\"https:\/\/www.ok-world.hu\/\" target=\"_blank\" rel=\"noopener noreferrer\">\n                    <img decoding=\"async\" src=\"http:\/\/mabeusz.hu\/wp-content\/uploads\/2021\/03\/okworld_logo.jpg\" alt=\"\" data-id=\"80\" data-full-url=\"http:\/\/localhost\/mabeus\/wp-content\/uploads\/2020\/11\/motivation-logo_OK-01.jpg\" data-link=\"http:\/\/localhost\/mabeus\/motivation-logo_ok-01\/\" class=\"wp-image-80\">\n                <\/a>\n            <\/figure>\n        <\/li>\n        <li class=\"blocks-gallery-item\">\n            <figure>\n                <a href=\"https:\/\/one-event.hu\/\" target=\"_blank\" rel=\"noopener noreferrer\">\n                    <img decoding=\"async\" src=\"http:\/\/mabeusz.hu\/wp-content\/uploads\/2021\/08\/One_event_logo_color_radient_black_text.jpg\" alt=\"\" data-id=\"80\" data-full-url=\"http:\/\/localhost\/mabeus\/wp-content\/uploads\/2020\/11\/motivation-logo_OK-01.jpg\" data-link=\"http:\/\/localhost\/mabeus\/motivation-logo_ok-01\/\" class=\"wp-image-80\">\n                <\/a>\n            <\/figure>\n        <\/li>\n        <li class=\"blocks-gallery-item\">\n            <figure>\n                <a href=\"http:\/\/www.premiumincoming.com\/\" target=\"_blank\" rel=\"noopener noreferrer\">\n                    <img loading=\"lazy\" decoding=\"async\" width=\"1024\" height=\"873\" src=\"http:\/\/localhost\/mabeus\/wp-content\/uploads\/2020\/11\/premium-incoming-logo-1024x873.png\" alt=\"\" data-id=\"82\" data-full-url=\"http:\/\/localhost\/mabeus\/wp-content\/uploads\/2020\/11\/premium-incoming-logo.png\" data-link=\"http:\/\/localhost\/mabeus\/premium-incoming-logo\/\" class=\"wp-image-82\" srcset=\"https:\/\/mabeusz.hu\/wp-content\/uploads\/2020\/11\/premium-incoming-logo-1024x873.png 1024w, https:\/\/mabeusz.hu\/wp-content\/uploads\/2020\/11\/premium-incoming-logo-300x256.png 300w, https:\/\/mabeusz.hu\/wp-content\/uploads\/2020\/11\/premium-incoming-logo-768x654.png 768w, https:\/\/mabeusz.hu\/wp-content\/uploads\/2020\/11\/premium-incoming-logo-1536x1309.png 1536w, https:\/\/mabeusz.hu\/wp-content\/uploads\/2020\/11\/premium-incoming-logo.png 1704w\" sizes=\"(max-width: 1024px) 100vw, 1024px\" \/>\n                <\/a>\n            <\/figure>\n        <\/li>\n        <li class=\"blocks-gallery-item\">\n            <figure>\n                <a href=\"https:\/\/svada.hu\/\" target=\"_blank\" rel=\"noopener noreferrer\">\n                    <img decoding=\"async\" src=\"http:\/\/mabeusz.hu\/wp-content\/uploads\/2021\/01\/image002.jpg\" alt=\"\" data-id=\"83\" data-full-url=\"http:\/\/mabeusz.hu\/wp-content\/uploads\/2021\/01\/image002.jpg\" data-link=\"http:\/\/mabeusz.hu\/wp-content\/uploads\/2021\/01\/image002.jpg\" class=\"wp-image-83\">\n         <\/a>\n            <\/figure>\n        <\/li>\n<li class=\"blocks-gallery-item\">\n            <figure>\n                <a href=\"https:\/\/toureasttour.hu\/\" target=\"_blank\" rel=\"noopener noreferrer\">\n                    <img decoding=\"async\" src=\"http:\/\/mabeusz.hu\/wp-content\/uploads\/2025\/05\/tet_logo_all_europe_NAAAAGY.jpg\" alt=\"\" data-id=\"83\" data-full-url=\"http:\/\/mabeusz.hu\/wp-content\/uploads\/2021\/01\/image002.jpg\" data-link=\"http:\/\/mabeusz.hu\/wp-content\/uploads\/2021\/01\/image002.jpg\" class=\"wp-image-83\">\n         <\/a>\n            <\/figure>\n        <\/li>\n        <li class=\"blocks-gallery-item\">\n            <figure>\n                <a href=\"https:\/\/z9concept.com\/\" target=\"_blank\" rel=\"noopener noreferrer\">\n                    <img decoding=\"async\" src=\"http:\/\/mabeusz.hu\/wp-content\/uploads\/2023\/09\/BLACK.png\" alt=\"\" data-id=\"83\" data-full-url=\"http:\/\/mabeusz.hu\/wp-content\/uploads\/2023\/09\/BLACK.png\" data-link=\"http:\/\/mabeusz.hu\/wp-content\/uploads\/2023\/09\/BLACK.png\" class=\"wp-image-83\">\n                <\/a>\n            <\/figure>\n        <\/li>\n        <li class=\"blocks-gallery-item\">\n            <figure>\n                <a href=\"https:\/\/z9concept.com\/\" target=\"_blank\" rel=\"noopener noreferrer\">\n                    <img decoding=\"async\" style=\"visibility: hidden\" src=\"http:\/\/mabeusz.hu\/wp-content\/uploads\/2023\/09\/BLACK.png\" alt=\"\" data-id=\"83\" data-full-url=\"http:\/\/mabeusz.hu\/wp-content\/uploads\/2023\/09\/BLACK.png\" data-link=\"http:\/\/mabeusz.hu\/wp-content\/uploads\/2023\/09\/BLACK.png\" class=\"wp-image-83\">\n                <\/a>\n            <\/figure>\n        <\/li>\n        <li class=\"blocks-gallery-item\">\n            <figure>\n                <a href=\"https:\/\/z9concept.com\/\" target=\"_blank\" rel=\"noopener noreferrer\">\n                    <img decoding=\"async\" style=\"visibility: hidden\" src=\"http:\/\/mabeusz.hu\/wp-content\/uploads\/2023\/09\/BLACK.png\" alt=\"\" data-id=\"83\" data-full-url=\"http:\/\/mabeusz.hu\/wp-content\/uploads\/2023\/09\/BLACK.png\" data-link=\"http:\/\/mabeusz.hu\/wp-content\/uploads\/2023\/09\/BLACK.png\" class=\"wp-image-83\">\n                <\/a>\n            <\/figure>\n        <\/li>\n        <li class=\"blocks-gallery-item\">\n            <figure>\n                <a href=\"https:\/\/z9concept.com\/\" target=\"_blank\" rel=\"noopener noreferrer\">\n                    <img decoding=\"async\" style=\"visibility: hidden\" src=\"http:\/\/mabeusz.hu\/wp-content\/uploads\/2023\/09\/BLACK.png\" alt=\"\" data-id=\"83\" data-full-url=\"http:\/\/mabeusz.hu\/wp-content\/uploads\/2023\/09\/BLACK.png\" data-link=\"http:\/\/mabeusz.hu\/wp-content\/uploads\/2023\/09\/BLACK.png\" class=\"wp-image-83\">\n                <\/a>\n            <\/figure>\n        <\/li>\n        <!-- <li class=\"blocks-gallery-item\">\n            <figure>\n                <a href=\"https:\/\/z9concept.com\/\" target=\"_blank\" rel=\"noopener noreferrer\">\n                    <img decoding=\"async\"\n                        style=\"visibility: hidden\"\n                        src=\"http:\/\/mabeusz.hu\/wp-content\/uploads\/2023\/09\/BLACK.png\"\n                        alt=\"\"\n                        data-id=\"83\"\n                        data-full-url=\"http:\/\/mabeusz.hu\/wp-content\/uploads\/2023\/09\/BLACK.png\"\n                        data-link=\"http:\/\/mabeusz.hu\/wp-content\/uploads\/2023\/09\/BLACK.png\"\n                        class=\"wp-image-83\"\n                    \/>\n                <\/a>\n            <\/figure>\n        <\/li> -->\n    <\/ul>\n<\/figure>\n\n\n\n<div style=\"height:51px\" aria-hidden=\"true\" class=\"wp-block-spacer\"><\/div>\n\n\n\n<h2 class=\"wp-block-heading webi-h2\"><a href=\"\/hirek\" data-type=\"URL\" data-id=\"\/hirek\">Legfrissebb h\u00edreink<\/a><\/h2>\n\n\n<ul class=\"wp-block-latest-posts__list has-dates wp-block-latest-posts\"><li><a class=\"wp-block-latest-posts__post-title\" href=\"https:\/\/mabeusz.hu\/en\/januar-24-25-nagysikeru-mabeusz-studytour-pecsre-es-kornyekere\/\">Janu\u00e1r : 24.-25.  Nagysiker\u0171 MABEUSZ studytour P\u00e9csre \u00e9s k\u00f6rny\u00e9k\u00e9re<\/a><time datetime=\"2025-02-06T05:26:44+00:00\" class=\"wp-block-latest-posts__post-date\">February 6, 2025<\/time><div class=\"wp-block-latest-posts__post-excerpt\">T\u00f6bb mint 30 r\u00e9sztvev\u0151vel \u00fajabb desztin\u00e1ci\u00f3s studytourt szervezett tagjainak a MABEUSZ. A programgazd\u00e1nk Kincses M\u00e1rk volt, a P\u00e9csi Megyei Jog\u00fa V\u00e1ros Polg\u00e1rmesteri Hivatal\u00e1nak turizmusfejleszt\u00e9si oszt\u00e1lyvezet\u0151je volt. en<\/div><\/li>\n<\/ul>\n\n\n<div class=\"wp-block-group\"><div class=\"wp-block-group__inner-container is-layout-flow wp-block-group-is-layout-flow\"><ul class=\"wp-block-latest-posts__list is-grid columns-3 has-dates webi-posts wp-block-latest-posts\"><li><a class=\"wp-block-latest-posts__post-title\" href=\"https:\/\/mabeusz.hu\/en\/januar-24-25-nagysikeru-mabeusz-studytour-pecsre-es-kornyekere\/\">Janu\u00e1r : 24.-25.  Nagysiker\u0171 MABEUSZ studytour P\u00e9csre \u00e9s k\u00f6rny\u00e9k\u00e9re<\/a><time datetime=\"2025-02-06T05:26:44+00:00\" class=\"wp-block-latest-posts__post-date\">February 6, 2025<\/time><div class=\"wp-block-latest-posts__post-excerpt\">T\u00f6bb mint 30 r\u00e9sztvev\u0151vel \u00fajabb desztin\u00e1ci\u00f3s studytourt szervezett tagjainak a MABEUSZ. A programgazd\u00e1nk Kincses M\u00e1rk volt, a P\u00e9csi Megyei Jog\u00fa V\u00e1ros Polg\u00e1rmesteri Hivatal\u00e1nak turizmusfejleszt\u00e9si oszt\u00e1lyvezet\u0151je volt. en<\/div><\/li>\n<li><a class=\"wp-block-latest-posts__post-title\" href=\"https:\/\/mabeusz.hu\/en\/2025-januar-1-tol-lazar-judit-atadja-a-mabeusz-elnoksegi-feladatokat\/\">2025. janu\u00e1r 1-t\u0151l L\u00e1z\u00e1r Judit \u00e1tadja a MABEUSZ eln\u00f6ks\u00e9gi feladatokat.<\/a><time datetime=\"2025-01-13T21:05:35+00:00\" class=\"wp-block-latest-posts__post-date\">January 13, 2025<\/time><div class=\"wp-block-latest-posts__post-excerpt\">Az elm\u00falt 6 \u00e9v kih\u00edv\u00e1sai, a COVID v\u00e1ls\u00e1g, a beutaz\u00f3 turizmus \u00fajra\u00e9p\u00edt\u00e9se, a munkav\u00e1llal\u00f3k, ut\u00e1np\u00f3tl\u00e1s, szolg\u00e1ltat\u00f3k hi\u00e1nya, a budapesti turizmus k\u00f6r\u00fcli probl\u00e9m\u00e1k, az ad\u00f3z\u00e1si k\u00e9rd\u00e9sek rengeteg id\u0151t \u00e9s energi\u00e1t ig\u00e9nyeltek. Ezek k\u00f6z\u00fcl sz\u00e1mos sikerrel z\u00e1rult, de&nbsp;sajnos van tov\u00e1bbra is sz\u00e1mos&nbsp;m\u00e9g mindig megold\u00e1sra v\u00e1r\u00f3 k\u00e9rd\u00e9s, melyek id\u0151ig\u00e9nyes egyeztet\u00e9sekkel j\u00e1rnak. Az \u00e1zsiai piac lassabban kezdett \u00fajraindulni \u00e9s nagyon nehezen, \u00edgy L\u00e1z\u00e1r Judit [&hellip;]<\/div><\/li>\n<li><a class=\"wp-block-latest-posts__post-title\" href=\"https:\/\/mabeusz.hu\/en\/2024-aprilis-19-en-a-mabeusz-irodak-az-esztergomi-tourinform-meghivasara-egy-studytouron-vettek-reszt\/\">2024 \u00e1prilis 19.-\u00e9n a MABEUSZ irod\u00e1k az esztergomi Tourinform megh\u00edv\u00e1s\u00e1ra egy studytouron vettek r\u00e9szt<\/a><time datetime=\"2024-04-28T20:32:44+00:00\" class=\"wp-block-latest-posts__post-date\">April 28, 2024<\/time><div class=\"wp-block-latest-posts__post-excerpt\">2024 \u00e1prilis 19.-\u00e9n a MABEUSZ irod\u00e1k az esztergomi Tourinform megh\u00edv\u00e1s\u00e1ra egy studytouron vettek r\u00e9szt, ahol megismerkedtek a v\u00e1ros leg\u00fajabb turisztikai attrakci\u00f3ival.<\/div><\/li>\n<li><a class=\"wp-block-latest-posts__post-title\" href=\"https:\/\/mabeusz.hu\/en\/elutasitjak-a-hajosok-a-radikalis-budapesti-kikoto-megszuntetesek-tervet\/\">ELUTAS\u00cdTJ\u00c1K A HAJ\u00d3SOK A RADIK\u00c1LIS BUDAPESTI KIK\u00d6T\u0150-MEGSZ\u00dcNTET\u00c9SEK TERV\u00c9T<\/a><time datetime=\"2024-04-16T22:03:22+00:00\" class=\"wp-block-latest-posts__post-date\">April 16, 2024<\/time><div class=\"wp-block-latest-posts__post-excerpt\">A Magyar Haj\u00f3z\u00e1si Orsz\u00e1gos Sz\u00f6vets\u00e9g \u00e9s a Szem\u00e9lyhaj\u00f3sok Sz\u00f6vets\u00e9ge elutas\u00edtja jelenlegiform\u00e1j\u00e1ban a Duna-parti \u00c9p\u00edt\u00e9si Szab\u00e1lyzat m\u00f3dos\u00edt\u00e1s\u00e1t, \u00e9s arra k\u00e9ri a F\u0151v\u00e1rosi\u00d6nkorm\u00e1nyzatot, hogy folytasson val\u00f3di, \u00e9rdemi egyeztet\u00e9st az \u00e9rintettekkel &#8211; hangzott el aszakmai szervezetek sajt\u00f3t\u00e1j\u00e9koztat\u00f3j\u00e1n. A kik\u00f6t\u0151k sz\u00e1m\u00e1nak tervezett drasztikuscs\u00f6kkent\u00e9se jelent\u0151s k\u00e1rokat okozna nem csak a f\u0151v\u00e1rosi turizmusban, hanemnemzetgazdas\u00e1gi szinten is, a magyar szem\u00e9lyhaj\u00f3z\u00e1sban \u00e9rintett mintegy 10 ezer embermeg\u00e9lhet\u00e9se pedig vesz\u00e9lybe [&hellip;]<\/div><\/li>\n<\/ul>\n\n\n<div style=\"height:50px\" aria-hidden=\"true\" class=\"wp-block-spacer\"><\/div>\n<\/div><\/div>\n\n\n\n<div class=\"wp-block-buttons is-content-justification-center is-layout-flex wp-container-core-buttons-is-layout-16018d1d wp-block-buttons-is-layout-flex\">\n<div class=\"wp-block-button is-style-outline is-style-outline--1\"><a class=\"wp-block-button__link has-white-background-color has-text-color has-background wp-element-button\" href=\"\/category\/hireink\" style=\"color:#797979\" rel=\"\/hireink\">Tov\u00e1bb a h\u00edreinkre<\/a><\/div>\n<\/div>\n\n\n\n<div style=\"height:50px\" aria-hidden=\"true\" class=\"wp-block-spacer\"><\/div>\n","protected":false},"excerpt":{"rendered":"<p>A\u00a0MABEUSZ\u00a0a magyar beutaztat\u00f3k\u00a0f\u00fcggetlen\u00a0\u00e9s semleges \u00e9rdekk\u00e9pviselete, mely lehet\u0151s\u00e9get ny\u00fajt arra, hogy k\u00f6z\u00f6sen gondolkodva, egy\u00fctt alak\u00edtsuk ki a beutaztat\u00f3 szakma j\u00f6v\u0151j\u00e9t. Tagjaink Legfrissebb h\u00edreink<\/p>\n","protected":false},"author":1,"featured_media":28,"parent":0,"menu_order":0,"comment_status":"closed","ping_status":"closed","template":"page-templates\/full-width-container.php","meta":{"footnotes":""},"class_list":["post-70","page","type-page","status-publish","has-post-thumbnail","hentry"],"_links":{"self":[{"href":"https:\/\/mabeusz.hu\/en\/wp-json\/wp\/v2\/pages\/70","targetHints":{"allow":["GET"]}}],"collection":[{"href":"https:\/\/mabeusz.hu\/en\/wp-json\/wp\/v2\/pages"}],"about":[{"href":"https:\/\/mabeusz.hu\/en\/wp-json\/wp\/v2\/types\/page"}],"author":[{"embeddable":true,"href":"https:\/\/mabeusz.hu\/en\/wp-json\/wp\/v2\/users\/1"}],"replies":[{"embeddable":true,"href":"https:\/\/mabeusz.hu\/en\/wp-json\/wp\/v2\/comments?post=70"}],"version-history":[{"count":0,"href":"https:\/\/mabeusz.hu\/en\/wp-json\/wp\/v2\/pages\/70\/revisions"}],"wp:featuredmedia":[{"embeddable":true,"href":"https:\/\/mabeusz.hu\/en\/wp-json\/wp\/v2\/media\/28"}],"wp:attachment":[{"href":"https:\/\/mabeusz.hu\/en\/wp-json\/wp\/v2\/media?parent=70"}],"curies":[{"name":"wp","href":"https:\/\/api.w.org\/{rel}","templated":true}]}}